{"id":2175,"date":"2016-10-07T14:06:05","date_gmt":"2016-10-07T14:06:05","guid":{"rendered":"http:\/\/babiesonboard.hu\/?page_id=2175&#038;lang=en"},"modified":"2016-10-07T14:19:53","modified_gmt":"2016-10-07T14:19:53","slug":"flower-lover-babaszoba-kollekcio","status":"publish","type":"page","link":"https:\/\/babiesonboard.eu\/en\/flower-lover-babaszoba-kollekcio\/","title":{"rendered":"Flower Lover babaszoba kollekci\u00f3"},"content":{"rendered":"<p>Mindegyik babaszoba kollekci\u00f3m nagyon k\u00f6zel \u00e1ll a sz\u00edvemhez, mindig sz\u00edvesen mes\u00e9lek r\u00f3luk, hiszen minden egyes text\u00edli\u00e1ba, dekor\u00e1ci\u00f3ba pr\u00f3b\u00e1ltam az \u00edzl\u00e9svil\u00e1gom belecsemp\u00e9szni. Val\u00f3sz\u00edn\u0171 els\u0151 p\u00e1r blogbejegyz\u00e9semben mindig t\u00f6bb lesz a k\u00e9p, mint a sz\u00f6veg, mint \u00e1ltal\u00e1ban, mert \u00fajdons\u00e1g sz\u00e1momra az &#8220;\u00edr\u00e1s&#8221;, viszont im\u00e1dom k\u00e9pekkel illusztr\u00e1lni a mondanival\u00f3m:)<\/p>\n<p>Nincs is jobb \u00e9rz\u00e9s hallani mikor \u00edrj\u00e1tok, hogy beleszeretettek az egyik kollekci\u00f3mba vagy \u00fajra bab\u00e1zni v\u00e1gytok t\u0151le, pedig m\u00e1r van 2-3 gyerk\u0151c. Ez\u00e9rt \u00fagy d\u00f6nt\u00f6ttem, hogy szeretn\u00e9m nektek egyes\u00e9vel bemutatni a kollekci\u00f3k t\u00f6rt\u00e9net\u00e9t h\u00e9tr\u0151l h\u00e9tre.<\/p>\n<p>Els\u0151nek ismerj\u00e9tek meg jobban a Flover Lover babaszob\u00e1m:<\/p>\n<p><img loading=\"lazy\" decoding=\"async\" class=\"aligncenter wp-image-1893\" src=\"https:\/\/babiesonboard.eu\/wp-content\/uploads\/2016\/08\/DSC_8032-1.jpg\" alt=\"DSC_8032\" width=\"551\" height=\"368\" srcset=\"https:\/\/babiesonboard.eu\/wp-content\/uploads\/2016\/08\/DSC_8032-1.jpg 1200w, https:\/\/babiesonboard.eu\/wp-content\/uploads\/2016\/08\/DSC_8032-1-350x234.jpg 350w, https:\/\/babiesonboard.eu\/wp-content\/uploads\/2016\/08\/DSC_8032-1-595x397.jpg 595w, https:\/\/babiesonboard.eu\/wp-content\/uploads\/2016\/08\/DSC_8032-1-300x200.jpg 300w, https:\/\/babiesonboard.eu\/wp-content\/uploads\/2016\/08\/DSC_8032-1-768x513.jpg 768w, https:\/\/babiesonboard.eu\/wp-content\/uploads\/2016\/08\/DSC_8032-1-1024x684.jpg 1024w, https:\/\/babiesonboard.eu\/wp-content\/uploads\/2016\/08\/DSC_8032-1-680x454.jpg 680w\" sizes=\"auto, (max-width: 551px) 100vw, 551px\" \/>Flower Lover kisl\u00e1nyos babaszoba kollekci\u00f3 k\u00e9pe<\/p>\n<p><img loading=\"lazy\" decoding=\"async\" class=\"wp-image-2161 alignleft\" src=\"https:\/\/babiesonboard.eu\/wp-content\/uploads\/2016\/10\/unnamed-4.jpg\" alt=\"unnamed-4\" width=\"128\" height=\"126\" \/>A t\u00f6rt\u00e9net \u00fagy kezd\u0151d\u00f6tt, hogy kiolthatatlanul v\u00e1gytam egy k\u00fcl\u00f6nleges pasztell mint\u00e1s anyag ut\u00e1n, amit passzoltatni tudok a finom, r\u00f3zsakvarc sz\u00edn\u0171 textilemhez. Belefutottam egy-k\u00e9t szuper \u00f6tletes mint\u00e1ba, k\u00e9sz\u00fclt is protot\u00edpus, de nem \u00e9reztem az igazinak&#8230;m\u00e9g harmonikusabb sz\u00ednp\u00e1ros\u00edt\u00e1sra v\u00e1gytam! Sok-sok keresg\u00e9l\u00e9s ut\u00e1n megtal\u00e1ltam a hozz\u00e1 t\u00f6k\u00e9letes passzol\u00f3 londoni Makower designer vir\u00e1gmint\u00e1s anyagot, ami teljesen betal\u00e1lt az elk\u00e9pzel\u00e9sembe.<\/p>\n<p>&nbsp;<\/p>\n<p><img loading=\"lazy\" decoding=\"async\" class=\"wp-image-1461 alignleft\" src=\"https:\/\/babiesonboard.eu\/wp-content\/uploads\/2016\/08\/DSC_8019.jpg\" alt=\"DSC_8019\" width=\"215\" height=\"323\" srcset=\"https:\/\/babiesonboard.eu\/wp-content\/uploads\/2016\/08\/DSC_8019.jpg 667w, https:\/\/babiesonboard.eu\/wp-content\/uploads\/2016\/08\/DSC_8019-350x525.jpg 350w, https:\/\/babiesonboard.eu\/wp-content\/uploads\/2016\/08\/DSC_8019-595x892.jpg 595w, https:\/\/babiesonboard.eu\/wp-content\/uploads\/2016\/08\/DSC_8019-200x300.jpg 200w\" sizes=\"auto, (max-width: 215px) 100vw, 215px\" \/>Ezen anyagok p\u00e1ros\u00edt\u00e1s\u00e1val egy igaz\u00e1n letisztult, masnikkal \u00e9s kis szokny\u00e1kkal felpezsd\u00edtett min\u0151s\u00e9gi kollekci\u00f3 sz\u00fclethetett meg. Az \u00e1gynem\u0171k\u00f6n (h\u00e1l\u00f3zs\u00e1k, takar\u00f3, fejv\u00e9d\u0151) a szokny\u00e1k \u00e9s a masnik k\u00fcl\u00f6n r\u00e1varr\u00e1ssal, er\u0151sen fix\u00e1lva ker\u00fcltek a text\u00edli\u00e1kra, ami azon k\u00edv\u00fcl, hogy nagyon \u00edzl\u00e9ses, a gyerekek sz\u00e1m\u00e1ra is \u00e9rdekes lehet mint tapogathat\u00f3, \u00e9rdekes j\u00e1t\u00e9k.<\/p>\n<p>Kisl\u00e1nyod egy nyuszi kisl\u00e1nnyal s\u00fcni \u00e9s kismad\u00e1r bar\u00e1taival fedezheti fel napr\u00f3l napra a vil\u00e1got!:)<\/p>\n<p>&nbsp;<\/p>\n<p>&nbsp;<\/p>\n<p>\u00d6sszegezve a Flower Lover kollekci\u00f3t azok figyelm\u00e9be aj\u00e1nlom, akik szeretik a designer, egyedi kis sz\u00e9ri\u00e1s term\u00e9keket, kedvelik a pasztellt, vir\u00e1gokat \u00e9s masnikat, egys\u00e9ges, letisztult a babaszoba berendez\u00e9sre v\u00e1gynak.<\/p>\n<p>&nbsp;<\/p>\n<p>&nbsp;<\/p>\n<p><span style=\"text-decoration: underline;\">V\u00e9g\u00fcl n\u00e9h\u00e1ny lakberendez\u00e9si tan\u00e1cs, ha Flower Lover kollekci\u00f3t v\u00e1lasztod kisl\u00e1nyodnak:<\/span><\/p>\n<p><img loading=\"lazy\" decoding=\"async\" class=\"wp-image-2157 alignleft\" src=\"https:\/\/babiesonboard.eu\/wp-content\/uploads\/2016\/10\/unnamed-2.jpg\" alt=\"babaszoba\" width=\"128\" height=\"138\" \/>V\u00e9lem\u00e9nyem szerint a babaszoba berendez\u00e9s is mindenk\u00e9pp legyen egys\u00e9ges b\u00fatorokb\u00f3l (kis\u00e1gy, kom\u00f3d, szekr\u00e9ny). A szoba m\u00e9ret\u00e9t\u0151l f\u00fcgg\u0151en d\u00f6ntsd el a falak, esetleg padl\u00f3 sz\u00edn\u00e9t. Sose felejtsd, b\u00e1rmi a trend: a vil\u00e1gos sz\u00ednek mindig nagyobb\u00edtj\u00e1k a teret, a s\u00f6t\u00e9t beh\u00fazza. Ne zs\u00fafold tele a szob\u00e1t. kevesebb, mindig t\u00f6bb!<\/p>\n<p>&nbsp;<\/p>\n<p>&nbsp;<\/p>\n<p>Ha lehet\u0151s\u00e9g van r\u00e1 a szob\u00e1ban alak\u00edtsd ki a Te \u00fcl\u0151\/fekv\u0151 r\u00e9szedet is. Tedd k\u00e9nyelemess\u00e9 p\u00e1rn\u00e1kkal, puha takar\u00f3kkal, hisz sok id\u0151t leszel ott!<\/p>\n<p><img loading=\"lazy\" decoding=\"async\" class=\" wp-image-2159 alignleft\" src=\"https:\/\/babiesonboard.eu\/wp-content\/uploads\/2016\/10\/unnamed-3.jpg\" alt=\"babaszoba fotel\" width=\"274\" height=\"274\" \/><\/p>\n<p>&nbsp;<\/p>\n<p>&nbsp;<\/p>\n<p>&nbsp;<\/p>\n<p>&nbsp;<\/p>\n<p>&nbsp;<\/p>\n<p>&nbsp;<\/p>\n<p>&nbsp;<\/p>\n<p>&nbsp;<\/p>\n<p><img loading=\"lazy\" decoding=\"async\" class=\"wp-image-2170 alignleft\" src=\"https:\/\/babiesonboard.eu\/wp-content\/uploads\/2016\/10\/unnamed-5.jpg\" alt=\"unnamed-5\" width=\"163\" height=\"245\" \/>Ha id\u0151d engedi, k\u00e9sz\u00edts valami handmade dolgot a kollekci\u00f3hoz ( pl. k\u00e9pkeret els\u0151 babaruh\u00e1ib\u00f3l). \u00c9n k\u00e9sz\u00edtettem kisfiam sz\u00fclet\u00e9sekor \u00e9s mai napig mindig j\u00f3 \u00e9rz\u00e9ssel t\u00f6lt el ha bel\u00e9pek a szob\u00e1j\u00e1ba, hogy majd elmondhatom neki, ha megn\u0151, mennyire k\u00e9sz\u00fcltem az \u00e9rkez\u00e9s\u00e9re.<\/p>\n<p>&nbsp;<\/p>\n<p>&nbsp;<\/p>\n<p>&nbsp;<\/p>\n<p>&nbsp;<\/p>\n<p>Babaszoba sz\u0151nyeg eset\u00e9ben,nagyon j\u00f3 v\u00e1laszt\u00e1s lehet \u00fajsz\u00fcl\u00f6tt korra egy puha, feh\u00e9r, sz\u0151r\u00f6s kis sz\u0151nyeg. Mihelyst k\u00faszik\/m\u00e1szik javaslom tedd \u00e1t pl. a h\u00e1l\u00f3szob\u00e1tokba \u00e9s cser\u00e9ld r\u00f6vid sz\u00e1l\u00fa, nagy m\u00e9ret\u0171 sz\u0151nyegre\/k\u00f6rbe szegett padl\u00f3sz\u0151nyegre, amin hossz\u00fa ideig tud majd j\u00e1tszani.<\/p>\n<p><img loading=\"lazy\" decoding=\"async\" class=\"wp-image-2155 alignleft\" src=\"https:\/\/babiesonboard.eu\/wp-content\/uploads\/2016\/10\/unnamed-1.jpg\" alt=\"unnamed-1\" width=\"297\" height=\"297\" \/><\/p>\n<p>&nbsp;<\/p>\n<p>&nbsp;<\/p>\n<p>&nbsp;<\/p>\n<p>&nbsp;<\/p>\n<p>&nbsp;<\/p>\n<p>&nbsp;<\/p>\n<p>&nbsp;<\/p>\n<p>&nbsp;<\/p>\n<p>&nbsp;<\/p>\n<p>k\u00e9pek forr\u00e1sa: Pinterest \u00e9s Babies on Board<\/p>\n<p>Ha megtetszett a bejegyz\u00e9s, akkor k\u00f6vessetek a <span style=\"color: #00ffff;\"><a style=\"color: #00ffff;\" href=\"https:\/\/www.facebook.com\/hellobabiesonboard.hu\/?fref=ts\">Facebookon <\/a><\/span>\u00e9s<span style=\"color: #00ffff;\"> Instagramon <\/span>nemsok\u00e1ra \u00faj bejegyez\u00e9s k\u00f6vetkezik a 100% pamut ism\u00e9rveir\u0151l hasznos tan\u00e1csokkal!<\/p>\n","protected":false},"excerpt":{"rendered":"<p>Mindegyik babaszoba kollekci\u00f3m nagyon k\u00f6zel \u00e1ll a sz\u00edvemhez, mindig sz\u00edvesen mes\u00e9lek r\u00f3luk, hiszen minden egyes text\u00edli\u00e1ba, dekor\u00e1ci\u00f3ba pr\u00f3b\u00e1ltam az \u00edzl\u00e9svil\u00e1gom belecsemp\u00e9szni. Val\u00f3sz\u00edn\u0171 els\u0151 p\u00e1r blogbejegyz\u00e9semben mindig t\u00f6bb lesz a k\u00e9p, mint a sz\u00f6veg, mint \u00e1ltal\u00e1ban, mert \u00fajdons\u00e1g sz\u00e1momra az &#8220;\u00edr\u00e1s&#8221;, viszont im\u00e1dom k\u00e9pekkel illusztr\u00e1lni a mondanival\u00f3m:) Nincs is jobb \u00e9rz\u00e9s hallani mikor \u00edrj\u00e1tok, hogy beleszeretettek &hellip;<\/p>\n","protected":false},"author":4,"featured_media":2158,"parent":0,"menu_order":0,"comment_status":"closed","ping_status":"closed","template":"","meta":{"footnotes":""},"class_list":["post-2175","page","type-page","status-publish","has-post-thumbnail","hentry"],"_links":{"self":[{"href":"https:\/\/babiesonboard.eu\/en\/wp-json\/wp\/v2\/pages\/2175","targetHints":{"allow":["GET"]}}],"collection":[{"href":"https:\/\/babiesonboard.eu\/en\/wp-json\/wp\/v2\/pages"}],"about":[{"href":"https:\/\/babiesonboard.eu\/en\/wp-json\/wp\/v2\/types\/page"}],"author":[{"embeddable":true,"href":"https:\/\/babiesonboard.eu\/en\/wp-json\/wp\/v2\/users\/4"}],"replies":[{"embeddable":true,"href":"https:\/\/babiesonboard.eu\/en\/wp-json\/wp\/v2\/comments?post=2175"}],"version-history":[{"count":8,"href":"https:\/\/babiesonboard.eu\/en\/wp-json\/wp\/v2\/pages\/2175\/revisions"}],"predecessor-version":[{"id":2193,"href":"https:\/\/babiesonboard.eu\/en\/wp-json\/wp\/v2\/pages\/2175\/revisions\/2193"}],"wp:featuredmedia":[{"embeddable":true,"href":"https:\/\/babiesonboard.eu\/en\/wp-json\/wp\/v2\/media\/2158"}],"wp:attachment":[{"href":"https:\/\/babiesonboard.eu\/en\/wp-json\/wp\/v2\/media?parent=2175"}],"curies":[{"name":"wp","href":"https:\/\/api.w.org\/{rel}","templated":true}]}}